{"id":13895,"date":"2014-10-11T14:23:15","date_gmt":"2014-10-11T14:23:15","guid":{"rendered":"https:\/\/polandnile.com\/nasze-wiadomosci\/"},"modified":"2023-02-07T13:34:41","modified_gmt":"2023-02-07T13:34:41","slug":"nasze-misja","status":"publish","type":"page","link":"https:\/\/polandnile.com\/pl\/nasze-misja\/","title":{"rendered":"Nasza misja"},"content":{"rendered":"<div class=\"fusion-fullwidth fullwidth-box fusion-builder-row-1 fusion-flex-container hundred-percent-fullwidth non-hundred-percent-height-scrolling\" style=\"background-color: rgba(255,255,255,0);background-position: center center;background-repeat: no-repeat;border-width: 0px 0px 0px 0px;border-color:hsla(var(--awb-color2-h),calc( var(--awb-color2-s) + 2% ),var(--awb-color2-l),var(--awb-color2-a));border-style:solid;\" ><div class=\"fusion-builder-row fusion-row fusion-flex-align-items-flex-start\" style=\"width:calc( 100% + 0px ) !important;max-width:calc( 100% + 0px ) !important;margin-left: calc(-0px \/ 2 );margin-right: calc(-0px \/ 2 );\"><div class=\"fusion-layout-column fusion_builder_column fusion-builder-column-0 fusion_builder_column_1_1 1_1 fusion-flex-column fusion-flex-align-self-flex-start fusion-column-no-min-height\"><div class=\"fusion-column-wrapper fusion-flex-justify-content-flex-start fusion-content-layout-column\" style=\"background-position:left top;background-blend-mode: overlay;background-repeat:no-repeat;-webkit-background-size:cover;-moz-background-size:cover;-o-background-size:cover;background-size:cover;padding: 0px 0px 0px 0px;\"><style type=\"text\/css\">@media only screen and (max-width:1024px) {.fusion-title.fusion-title-1{margin-top:0px!important; margin-right:0px!important;margin-bottom:30px!important;margin-left:0px!important;}}@media only screen and (max-width:640px) {.fusion-title.fusion-title-1{margin-top:0px!important; margin-right:0px!important;margin-bottom:20px!important; margin-left:0px!important;}}<\/style><div class=\"fusion-title title fusion-title-1 fusion-title-text fusion-title-size-one\" style=\"margin-top:0px;margin-right:0px;margin-bottom:30px;margin-left:0px;\"><div class=\"title-sep-container title-sep-container-left fusion-no-large-visibility fusion-no-medium-visibility fusion-no-small-visibility\"><div class=\"title-sep sep-\" style=\"border-color:hsla(var(--awb-color2-h),var(--awb-color2-s),var(--awb-color2-l),calc( var(--awb-color2-a) - 10% ));\"><\/div><\/div><span class=\"awb-title-spacer fusion-no-large-visibility fusion-no-medium-visibility fusion-no-small-visibility\"><\/span><h1 class=\"title-heading-left\" style=\"margin:0;\">Nasza misja<\/h1><span class=\"awb-title-spacer\"><\/span><div class=\"title-sep-container title-sep-container-right\"><div class=\"title-sep sep-\" style=\"border-color:hsla(var(--awb-color2-h),var(--awb-color2-s),var(--awb-color2-l),calc( var(--awb-color2-a) - 10% ));\"><\/div><\/div><\/div><div class=\"fusion-text fusion-text-1\"><p><strong>Jak zesp\u00f3\u0142 POL &amp; NILE mo\u017ce Ci pom\u00f3c?<\/strong><\/p>\n<p>Poniewa\u017c jeste\u015bmy w\u0142a\u015bciwym wyborem dla rozwoju Twojego biznesu.<\/p>\n<p>Oferujemy:<\/p>\n<ul>\n<li>wsparcie i pomoc w zawieraniu transakcji oraz obs\u0142uga formalno-prawna,<\/li>\n<li>po\u015brednictwo w negocjowaniu cen, us\u0142ug, towar\u00f3w i warunk\u00f3w wsp\u00f3\u0142pracy,<\/li>\n<li>dora\u017ana pomoc i wsparcie w razie problem\u00f3w,<\/li>\n<li>organizacja szkole\u0144, pokaz\u00f3w i wizyt biznesowych dla obu stron,<\/li>\n<li>poszukiwanie produkt\u00f3w, us\u0142ug (producent\u00f3w i us\u0142ugodawc\u00f3w) w Egipcie i Polsce,<\/li>\n<li>por\u00f3wnywanie cen, parametr\u00f3w i w\u0142a\u015bciwo\u015bci produkt\u00f3w, towar\u00f3w i us\u0142ug &#8211; z wyj\u0105tkiem produkt\u00f3w, towar\u00f3w i produkt\u00f3w Sp\u00f3\u0142ek wymienionych w za\u0142\u0105czonych wykazach intencji.<\/li>\n<\/ul>\n<p><b>Nasza firma jest zaufanym partnerem i gwarancj\u0105 udanej inwestycji, poniewa\u017c:<\/b><\/p>\n<ul>\n<li>profesjonalnie i odpowiedzialnie doradzimy w przypadku Twojej inwestycji zlokalizowanej w Egipcie, w tym w egipskiej strefie ekonomicznej,<\/li>\n<\/ul>\n<ul>\n<li>wiemy, jakie problemy mog\u0105 napotka\u0107 polscy inwestorzy w Egipcie,<\/li>\n<li>wska\u017cemy odpowiedni organ lub osob\u0119, kt\u00f3ra pomo\u017ce Ci w rozwi\u0105zaniu danego problemu,<\/li>\n<\/ul>\n<ul>\n<li>przygotujemy sekwencj\u0119 dzia\u0142a\u0144 pomocnych w konkretnej sprawie,<\/li>\n<li>za\u0142atwimy pozwolenia i certyfikaty niezb\u0119dne do prowadzenia Twojej inwestycji,<\/li>\n<li>przygotujemy niezb\u0119dne opinie prawne i ekonomiczne.<\/li>\n<\/ul>\n<p><b>Je\u015bli nas wybra\u0142e\u015b i jeste\u015b przekonany do wsp\u00f3\u0142pracy, skontaktuj si\u0119 z nami niezw\u0142ocznie.<\/b><\/p>\n<\/div><div style=\"text-align:center;\"><style>.fusion-button.button-1{border-radius:2px 2px 2px 2px;}<\/style><a class=\"fusion-button button-flat button-large button-default button-1 fusion-button-default-span fusion-button-default-type\" target=\"_self\" href=\"https:\/\/polandnile.com\/contact-us\/\"><span class=\"fusion-button-text\">Skontaktuj si\u0119 z nami<\/span><i class=\"fa-paper-plane fas button-icon-right\" aria-hidden=\"true\"><\/i><\/a><\/div><div class=\"fusion-video fusion-youtube\" style=\"max-width:600px;max-height:360px;align-self:center; width:100%\"><div class=\"video-shortcode\"><lite-youtube videoid=\"VZyGcO8onJc\" params=\"wmode=transparent&autoplay=1\" title=\"YouTube video player 1\"><\/lite-youtube><\/div><\/div><div class=\"fusion-text fusion-text-2\"><a href=\"https:\/\/polandnile.com\/wp-content\/uploads\/2023\/02\/POLNILE-18.11-pol_new_address.pdf\" class=\"pdfemb-viewer\" style=\"\" data-width=\"max\" data-height=\"max\" data-toolbar=\"bottom\" data-toolbar-fixed=\"off\">POL&amp;NILE 18.11 polski<\/a>\n<\/div><\/div><style type=\"text\/css\">.fusion-body .fusion-builder-column-0{width:100% !important;margin-top : 0px;margin-bottom : 0px;}.fusion-builder-column-0 > .fusion-column-wrapper {padding-top : 0px !important;padding-right : 0px !important;margin-right : 0px;padding-bottom : 0px !important;padding-left : 0px !important;margin-left : 0px;}@media only screen and (max-width:1024px) {.fusion-body .fusion-builder-column-0{width:100% !important;}.fusion-builder-column-0 > .fusion-column-wrapper {margin-right : 0px;margin-left : 0px;}}@media only screen and (max-width:640px) {.fusion-body .fusion-builder-column-0{width:100% !important;}.fusion-builder-column-0 > .fusion-column-wrapper {margin-right : 0px;margin-left : 0px;}}<\/style><\/div><\/div><style type=\"text\/css\">.fusion-body .fusion-flex-container.fusion-builder-row-1{ padding-top : 0px;margin-top : 0px;padding-right : 40px;padding-bottom : 0px;margin-bottom : 0px;padding-left : 40px;}<\/style><\/div>\n","protected":false},"excerpt":{"rendered":"","protected":false},"author":4,"featured_media":0,"parent":0,"menu_order":0,"comment_status":"open","ping_status":"closed","template":"100-width.php","meta":{"footnotes":""},"class_list":["post-13895","page","type-page","status-publish","hentry"],"_links":{"self":[{"href":"https:\/\/polandnile.com\/pl\/wp-json\/wp\/v2\/pages\/13895","targetHints":{"allow":["GET"]}}],"collection":[{"href":"https:\/\/polandnile.com\/pl\/wp-json\/wp\/v2\/pages"}],"about":[{"href":"https:\/\/polandnile.com\/pl\/wp-json\/wp\/v2\/types\/page"}],"author":[{"embeddable":true,"href":"https:\/\/polandnile.com\/pl\/wp-json\/wp\/v2\/users\/4"}],"replies":[{"embeddable":true,"href":"https:\/\/polandnile.com\/pl\/wp-json\/wp\/v2\/comments?post=13895"}],"version-history":[{"count":13,"href":"https:\/\/polandnile.com\/pl\/wp-json\/wp\/v2\/pages\/13895\/revisions"}],"predecessor-version":[{"id":14335,"href":"https:\/\/polandnile.com\/pl\/wp-json\/wp\/v2\/pages\/13895\/revisions\/14335"}],"wp:attachment":[{"href":"https:\/\/polandnile.com\/pl\/wp-json\/wp\/v2\/media?parent=13895"}],"curies":[{"name":"wp","href":"https:\/\/api.w.org\/{rel}","templated":true}]}}